{"id":57,"date":"2022-11-12T11:36:25","date_gmt":"2022-11-12T10:36:25","guid":{"rendered":"https:\/\/aept.blogs.ruhr-uni-bochum.de\/?page_id=57"},"modified":"2023-05-14T18:35:02","modified_gmt":"2023-05-14T16:35:02","slug":"team","status":"publish","type":"page","link":"https:\/\/aept.blogs.ruhr-uni-bochum.de\/de\/team\/","title":{"rendered":"Team"},"content":{"rendered":"<p><strong>Head of the Chair<br><\/strong><a href=\"https:\/\/aept.blogs.ruhr-uni-bochum.de\/de\/univ-prof-dr-ing-thomas-mussenbrock\/\" data-type=\"page\" data-id=\"220\">Univ.-Prof. Dr.-Ing. Thomas Mussenbrock<\/a><\/p>\n\n\n\n<p><strong>Assistant to the Chair<\/strong><br><a href=\"https:\/\/aept.blogs.ruhr-uni-bochum.de\/de\/melanie-finke\/\" data-type=\"page\" data-id=\"284\">Mrs. Melanie Finke<\/a><\/p>\n\n\n\n<p><strong>Former Head of the Chair<br><\/strong><a href=\"https:\/\/aept.blogs.ruhr-uni-bochum.de\/de\/univ-prof-dr-ing-peter-awakowicz\/\" data-type=\"page\" data-id=\"267\">Univ.-Prof. Dr.-Ing. Peter Awakowicz (Senior Professor)<\/a><\/p>\n\n\n\n<p><strong>Head of the Research Group Biomedical Plasma Technology<\/strong><br><a href=\"https:\/\/aept.blogs.ruhr-uni-bochum.de\/de\/jun-prof-dr-andrew-r-gibson\/\" data-type=\"page\" data-id=\"291\">Jun.-Prof. Dr. Andrew R. Gibson<\/a><\/p>\n\n\n\n<p><strong>Former Head of the Research Group Fundamentals of Electrical Engineering<\/strong><br><a href=\"https:\/\/aept.blogs.ruhr-uni-bochum.de\/de\/prof-dr-jurgen-mentel\/\" data-type=\"page\" data-id=\"300\">Univ.-Prof. Dr. J\u00fcrgen Mentel (Emeritus)<\/a><\/p>\n\n\n\n<p><strong>Deputy Head of the Chair<br><\/strong><a href=\"https:\/\/aept.blogs.ruhr-uni-bochum.de\/de\/dr-ing-ralf-hereth\/\" data-type=\"page\" data-id=\"316\">Dr.-Ing. Ralf Hereth<\/a><\/p>\n\n\n\n<p><strong>Academic Senior Councillor<br><\/strong><a href=\"https:\/\/aept.blogs.ruhr-uni-bochum.de\/de\/prof-dr-julian-schulze\/\" data-type=\"URL\" data-id=\"https:\/\/aept.blogs.ruhr-uni-bochum.de\/prof-dr-julian-schulze\/\">Prof. Dr. Julian Schulze<\/a><br><a href=\"https:\/\/aept.blogs.ruhr-uni-bochum.de\/de\/dr-ing-gerhard-roll\/\" data-type=\"page\" data-id=\"330\">Dr.-Ing. Gerhard Roll (retired)<\/a><\/p>\n\n\n\n<p><strong>Head of the Laboratories<br><\/strong><a href=\"https:\/\/aept.blogs.ruhr-uni-bochum.de\/de\/dr-ihor-korolov\/\" data-type=\"page\" data-id=\"258\">Dr. Ihor Korolov<\/a><\/p>\n\n\n\n<p><strong>Technical Staff<br><\/strong><a href=\"https:\/\/aept.blogs.ruhr-uni-bochum.de\/de\/michael-becker\/\" data-type=\"page\" data-id=\"322\">Michael Becker<br><\/a><a href=\"https:\/\/aept.blogs.ruhr-uni-bochum.de\/de\/dipl-ing-holger-wolter\/\" data-type=\"page\" data-id=\"326\">Dipl.-Ing. Holger Wolter<\/a><\/p>\n\n\n\n<p><strong>Senior Researchers<\/strong><br><a href=\"https:\/\/aept.blogs.ruhr-uni-bochum.de\/de\/dr-ing-birk-berger\/\" data-type=\"page\" data-id=\"344\">Dr.-Ing. Birk Berger<br><\/a><a href=\"https:\/\/aept.blogs.ruhr-uni-bochum.de\/de\/dr-nikita-bibinov\/\" data-type=\"page\" data-id=\"355\">Dr. Nikita Bibinov<br><\/a><a href=\"https:\/\/aept.blogs.ruhr-uni-bochum.de\/de\/dr-ing-tobias-gergs\/\" data-type=\"page\" data-id=\"383\">Dr.-Ing. Tobias Gergs<br><\/a><a href=\"https:\/\/aept.blogs.ruhr-uni-bochum.de\/de\/bastian-kogelheide\/\" data-type=\"page\" data-id=\"385\">Dr.-Ing. Bastian Kogelheide<br><\/a><a href=\"https:\/\/aept.blogs.ruhr-uni-bochum.de\/de\/dr-ing-lars-schucke\/\" data-type=\"page\" data-id=\"389\">Dr.-Ing. Lars Sch\u00fccke<br><\/a><a href=\"https:\/\/aept.blogs.ruhr-uni-bochum.de\/de\/dr-ing-ilija-stefanovic\/\" data-type=\"page\" data-id=\"391\">Dr.-Ing. Ilija Stefanovic<br><\/a><a href=\"https:\/\/aept.blogs.ruhr-uni-bochum.de\/de\/dr-li-wang\/\" data-type=\"page\" data-id=\"393\">Dr. Li Wang<br><\/a><a href=\"https:\/\/aept.blogs.ruhr-uni-bochum.de\/de\/dr-ing-sebastian-wilczek\/\" data-type=\"page\" data-id=\"395\">Dr.-Ing. Sebastian Wilczek<\/a><\/p>\n\n\n\n<p><strong>Researchers<\/strong><br><a href=\"https:\/\/aept.blogs.ruhr-uni-bochum.de\/de\/muhammad-azhar\/\" data-type=\"page\" data-id=\"405\">Muhammad Azhar, M.Sc.<br><\/a><a href=\"https:\/\/aept.blogs.ruhr-uni-bochum.de\/de\/florian-beckfeld\/\" data-type=\"page\" data-id=\"399\">Florian Beckfeld, M.Sc.<br><\/a><a href=\"https:\/\/aept.blogs.ruhr-uni-bochum.de\/de\/alexander-boddecker\/\" data-type=\"page\" data-id=\"410\">Alexander B\u00f6ddecker, M.Sc.<br><\/a><a href=\"https:\/\/aept.blogs.ruhr-uni-bochum.de\/de\/torben-hemke\/\" data-type=\"page\" data-id=\"415\">Dipl.-Ing. Torben Hemke<br><\/a><a href=\"https:\/\/aept.blogs.ruhr-uni-bochum.de\/de\/gerrit-hubner\/\" data-type=\"page\" data-id=\"420\">Gerrit H\u00fcbner, M.Sc.<br><\/a><a href=\"https:\/\/aept.blogs.ruhr-uni-bochum.de\/de\/jonathan-jenderny\/\" data-type=\"page\" data-id=\"427\">Jonathan Jenderny, M.Sc.<br><\/a><a href=\"https:\/\/aept.blogs.ruhr-uni-bochum.de\/de\/katharina-nosges\/\" data-type=\"page\" data-id=\"432\">Katharina N\u00f6sges, M.Sc.<br><\/a><a href=\"https:\/\/aept.blogs.ruhr-uni-bochum.de\/de\/david-schulenberg\/\" data-type=\"page\" data-id=\"438\">David Schulenberg, M.Sc.<br><\/a><a href=\"https:\/\/aept.blogs.ruhr-uni-bochum.de\/de\/mate-vass\/\" data-type=\"page\" data-id=\"444\">M\u00e1t\u00e9 Vass, M.Sc.<br><\/a><a href=\"https:\/\/aept.blogs.ruhr-uni-bochum.de\/de\/xiao-kun-wang\/\" data-type=\"page\" data-id=\"450\">Xiao-Kun Wang, B.Sc.<br><\/a><a href=\"https:\/\/aept.blogs.ruhr-uni-bochum.de\/de\/philipp-wirth\/\" data-type=\"page\" data-id=\"456\">Philipp Wirth, M.Sc.<br><\/a><a href=\"https:\/\/aept.blogs.ruhr-uni-bochum.de\/de\/sahitya-yarragolla\/\" data-type=\"page\" data-id=\"462\">Sahitya Yarragolla, M.Sc.<\/a><\/p>\n\n\n\n<p><strong>Team Biomedical Plasma Technology<br><\/strong><a href=\"https:\/\/aept.blogs.ruhr-uni-bochum.de\/de\/simon-boeddeker\/\" data-type=\"page\" data-id=\"468\">Simon B\u00f6ddeker, M.Sc.<br><\/a><a href=\"https:\/\/aept.blogs.ruhr-uni-bochum.de\/de\/dr-felix-fuchs\/\" data-type=\"page\" data-id=\"475\">Dr. Felix Fuchs<br><\/a><a href=\"https:\/\/aept.blogs.ruhr-uni-bochum.de\/de\/jan-luca-gembus\/\" data-type=\"page\" data-id=\"480\">Jan-Luca Gembus, M.Sc.<br><\/a><a href=\"https:\/\/aept.blogs.ruhr-uni-bochum.de\/de\/florens-grimm\/\" data-type=\"page\" data-id=\"486\">Florens Grimm, M.Sc.<br><\/a><a href=\"https:\/\/aept.blogs.ruhr-uni-bochum.de\/de\/niklas-nawrath\/\" data-type=\"page\" data-id=\"497\">Niklas Nawrath, M.Sc.<br><\/a><a href=\"https:\/\/aept.blogs.ruhr-uni-bochum.de\/de\/anna-lena-schone\/\" data-type=\"page\" data-id=\"492\">Anna Lena Sch\u00f6ne, M.Sc.<\/a><\/p>\n\n\n\n<p><strong>Team House of Plasma<br><\/strong><a href=\"https:\/\/house-of-plasma.com\/start\/en-team\/\" data-type=\"URL\" data-id=\"https:\/\/house-of-plasma.com\/\" target=\"_blank\" rel=\"noreferrer noopener\">Dr.-Ing. Moritz Oberberg<br><\/a><a href=\"https:\/\/house-of-plasma.com\/start\/en-team\/\" target=\"_blank\" rel=\"noreferrer noopener\">Maria Schnober, M.Sc.<br>Geoffrey Mellar, M.Sc.<\/a><\/p>\n\n\n\n<p><strong>Team glim Skin<br><\/strong><a href=\"https:\/\/aept.blogs.ruhr-uni-bochum.de\/de\/dr-ing-friederike-kogelheide\/\" data-type=\"page\" data-id=\"503\">Dr.-Ing. Friederike Kogelheide<br><\/a><a href=\"https:\/\/aept.blogs.ruhr-uni-bochum.de\/de\/manuel-schroder\/\" data-type=\"page\" data-id=\"507\">Manuel Schr\u00f6der, M.Sc.<\/a><\/p>\n\n\n\n<p><strong>Student Assisants<\/strong><br>Tobias Berg<br>Arisa Bo\u00add\u00adnar<br>Dominik Filla<br>Jonas Gie\u00adse\u00adkus<br>Jan Hen\u00addrik G\u00f6ri\u00adcke<br>Jeldrik Klotz<br>Harun Kumru<br>Constantin Neuroth<br>Stefan Rohr<br>Maximilian Ryppa<br>Jana Sch\u00f6ne<br>Gre\u00adgor Wel\u00adling<\/p>\n\n\n\n<p><strong>Guest Scientists<br><\/strong>Prof. Dr.-Ing. Kurt Behringer, Max-Planck-Institut f\u00fcr Plasmaphysik, Garching, Germany<br>Dr. Zolt\u00e1n Donk\u00f3, Wigner Research Centre for Physics, Budapest, Hungary<br>Prof. Dr.-Ing Ursel Fantz, Max-Planck-Institut f\u00fcr Plasmaphysik, Garching, Germany<br>Dr. Peter Hartmann, Wigner Research Centre for Physics, Budapest, Hungary<br>Prof. Dr. Enrique Iglesias, Uni\u00adver\u00adsi\u00addad Sim\u00f3n Bol\u00edvar, Ca\u00adra\u00adcas, Ve\u00adne\u00adzue\u00adla<br>Dr. Hyo-Chang Lee, Korea Research Institute of Standards and Science, Rep. of Korea<br>Prof. Dr. Yong-Xin Liu, Da\u00adli\u00adan Uni\u00adver\u00adsi\u00adty of Tech\u00adno\u00adlo\u00adgy, Dalian, China<br>Dr. Joost van der Mullen, Eindhoven University of Technology, The Netherlands<br>Dr. Iuliia Onyshchenko, Uni\u00adver\u00adsit\u00adeit Gent, Bel\u00adgi\u00adum<br>Dr. Parta Saikia, Pon\u00adti\u00adfi\u00adcia Uni\u00adver\u00adsi\u00addad Ca\u00adto\u00adli\u00adca de Chile<br>Prof. Dr.-Ing. Mohammed Shihab, Tanta University, Tanta, Egypt<br>Prof. Dr.Ing. Katharina Stapelmann, North Ca\u00adro\u00adli\u00adna State Uni\u00adver\u00adsi\u00adty, Raleigh, USA<br>Prof Dr. Klaus Wiesemann, Ruhr University Bochum, Germany<br>Prof. Dr. Quan-Zhi Zhang, Dalian University of Technology, Dailan, China<\/p>\n\n\n\n<p><strong>Alumni (since 2002)<\/strong><br>Dr.-Ing. Alexander Alexejev<br>Dr.-Ing. Sabrina Baldus<br>Dr.-Ing. Andre Bergner<br>Dr.-Ing. Stefan Bienholz<br>Dr.-Ing. Ines B\u00fcrger<br>Dr.-Ing. Vera Bracht<br>Dr.-Ing. Marc Czichy<br>Dr.-Ing. Michael Deilmann<br>Dr.-Ing. Benjamin Denis gen. Stoodt<br>Dr.-Ing. Max Engelhardt<br>Dr.-Ing. Marcel Fiebrandt<br>Dr.-Ing. Sven Gr\u00f6ger<br>Dr.-Ing. Helmut Halfmann<br>Dr.-Ing. Patrick Hermanns<br>Dr.-Ing. Thomas H\u00f6bing<br>Fares Jalled, M. Sc.<br>Dr.-Ing. Sandra Keller<br>Dr. Jan-Wilm Lackmann<br>Dr.-Ing. Oliver Langenscheidt<br>Dr. Yue Liu<br>Anja Mersdorf<br>Dr.-Ing. Philipp Mertmann<br>Dr.-Ing. Felix Mitschker<br>Dr. Zaka-Ul-Islam Mujahid<br>Dr.-Ing. Ryan Thomas Nguyen-Smith<br>Dr.-Ing. Bj\u00f6rn Offerhaus<br>Dr. Ramasamy Pothiraja<br>Dr.-Ing. Priyardarshini Rajasekaran<br>Dr.-Ing. Jens Reinelt<br>Dr.-Ing. Stefan Ries<br>Marcel Rudolph, M.Sc.<br>Dr.-Ing. Cornelia Ruhrmann<br>Dr.-Ing. Martin Schulze<br>Dr.-Ing. Egmont Semmler<br>Dr.-Ing. Katharina Stapelmann<br>Dr.-Ing. Simon Steves<br>Dr.-Ing. Tim Styrnoll<br>Dr.-Ing. Georg Wenig<br>Dr.-Ing. Michael Westermeier<br><\/p>","protected":false},"excerpt":{"rendered":"<p>Head of the ChairUniv.-Prof. Dr.-Ing. Thomas Mussenbrock Assistant to the ChairMrs. Melanie Finke Former Head of the ChairUniv.-Prof. Dr.-Ing. Peter Awakowicz (Senior Professor) Head of the Research Group Biomedical Plasma TechnologyJun.-Prof. Dr. Andrew R. Gibson Former Head of the Research Group Fundamentals of Electrical EngineeringUniv.-Prof. Dr. J\u00fcrgen Mentel (Emeritus) Deputy Head of the ChairDr.-Ing. Ralf &hellip; <\/p>\n<p class=\"link-more\"><a href=\"https:\/\/aept.blogs.ruhr-uni-bochum.de\/de\/team\/\" class=\"more-link\"><span class=\"screen-reader-text\">\u201eTeam\u201c<\/span> weiterlesen<\/a><\/p>","protected":false},"author":2,"featured_media":148,"parent":0,"menu_order":0,"comment_status":"closed","ping_status":"closed","template":"","meta":{"footnotes":""},"class_list":["post-57","page","type-page","status-publish","has-post-thumbnail","hentry"],"_links":{"self":[{"href":"https:\/\/aept.blogs.ruhr-uni-bochum.de\/de\/wp-json\/wp\/v2\/pages\/57","targetHints":{"allow":["GET"]}}],"collection":[{"href":"https:\/\/aept.blogs.ruhr-uni-bochum.de\/de\/wp-json\/wp\/v2\/pages"}],"about":[{"href":"https:\/\/aept.blogs.ruhr-uni-bochum.de\/de\/wp-json\/wp\/v2\/types\/page"}],"author":[{"embeddable":true,"href":"https:\/\/aept.blogs.ruhr-uni-bochum.de\/de\/wp-json\/wp\/v2\/users\/2"}],"replies":[{"embeddable":true,"href":"https:\/\/aept.blogs.ruhr-uni-bochum.de\/de\/wp-json\/wp\/v2\/comments?post=57"}],"version-history":[{"count":68,"href":"https:\/\/aept.blogs.ruhr-uni-bochum.de\/de\/wp-json\/wp\/v2\/pages\/57\/revisions"}],"predecessor-version":[{"id":522,"href":"https:\/\/aept.blogs.ruhr-uni-bochum.de\/de\/wp-json\/wp\/v2\/pages\/57\/revisions\/522"}],"wp:featuredmedia":[{"embeddable":true,"href":"https:\/\/aept.blogs.ruhr-uni-bochum.de\/de\/wp-json\/wp\/v2\/media\/148"}],"wp:attachment":[{"href":"https:\/\/aept.blogs.ruhr-uni-bochum.de\/de\/wp-json\/wp\/v2\/media?parent=57"}],"curies":[{"name":"wp","href":"https:\/\/api.w.org\/{rel}","templated":true}]}}