{"id":109,"date":"2022-11-12T14:11:07","date_gmt":"2022-11-12T13:11:07","guid":{"rendered":"https:\/\/aept.blogs.ruhr-uni-bochum.de\/?page_id=109"},"modified":"2023-05-13T22:24:32","modified_gmt":"2023-05-13T20:24:32","slug":"contact","status":"publish","type":"page","link":"https:\/\/aept.blogs.ruhr-uni-bochum.de\/de\/contact\/","title":{"rendered":"Contact"},"content":{"rendered":"<p><strong>Postal address<\/strong><br>Ruhr-Uni\u00adver\u00adsi\u00adt\u00e4t Bo\u00adchum<br>Lehrstuhl f\u00fcr Angewandte Elektrodynamik und Plasmatechnik<br>D-44780 Bo\u00adchum, Germany<\/p>\n\n\n\n<p><strong>Address<br><\/strong>Ruhr-Uni\u00adver\u00adsi\u00adt\u00e4t Bo\u00adchum<br>Lehrstuhl f\u00fcr Angewandte Elektrodynamik und Plasmatechnik<br>Building ID, floor 1, room 551<br>Universit\u00e4tsstra\u00dfe 150<br>D-44780 Bo\u00adchum, Germany<\/p>\n\n\n\n<p><strong>Phone<\/strong><br>+49 234 32 23062<\/p>\n\n\n\n<p><strong>Fax<\/strong><br>+49 234 32 14230<\/p>\n\n\n\n<p><strong>Email address<\/strong><br>se\u00adkre\u00adta\u00adri\u00adat@aept (please add &#8220;.rub.de&#8221;)<\/p>\n\n\n\n<p><strong>Arrival by public transport<\/strong><br>Take the U35 underground line to the Ruhr-Universit\u00e4t stop. On the pedestrian bridge, turn right. Before reaching the first building, keep left and go down the spiral staircase there. You are now on I-Nordstra\u00dfe \u2013 follow this downhill for approx. 400 m to the ID building. The AEPT chair is located on floor 1 in the north-west of the building.<\/p>\n\n\n\n<p><strong>Arriving by car<\/strong><br>Drive to Bochum to the I-S\u00fcdstra\u00dfe corner Oststra\u00dfe. There you will find the building ID. The chair AEPT is located on floor 1 in the northwest of the building.<\/p>\n\n\n\n<p><strong>Google Maps navigation<br><\/strong><a href=\"https:\/\/goo.gl\/maps\/JJFHjuEuYo3NNax36\" target=\"_blank\" rel=\"noreferrer noopener\">https:\/\/goo.gl\/maps\/JJFHjuEuYo3NNax36<\/a><\/p>","protected":false},"excerpt":{"rendered":"<p>Postal addressRuhr-Uni\u00adver\u00adsi\u00adt\u00e4t Bo\u00adchumLehrstuhl f\u00fcr Angewandte Elektrodynamik und PlasmatechnikD-44780 Bo\u00adchum, Germany AddressRuhr-Uni\u00adver\u00adsi\u00adt\u00e4t Bo\u00adchumLehrstuhl f\u00fcr Angewandte Elektrodynamik und PlasmatechnikBuilding ID, floor 1, room 551Universit\u00e4tsstra\u00dfe 150D-44780 Bo\u00adchum, Germany Phone+49 234 32 23062 Fax+49 234 32 14230 Email addressse\u00adkre\u00adta\u00adri\u00adat@aept (please add &#8220;.rub.de&#8221;) Arrival by public transportTake the U35 underground line to the Ruhr-Universit\u00e4t stop. On the pedestrian bridge, turn &hellip; <\/p>\n<p class=\"link-more\"><a href=\"https:\/\/aept.blogs.ruhr-uni-bochum.de\/de\/contact\/\" class=\"more-link\"><span class=\"screen-reader-text\">\u201eContact\u201c<\/span> weiterlesen<\/a><\/p>","protected":false},"author":3,"featured_media":177,"parent":0,"menu_order":0,"comment_status":"closed","ping_status":"closed","template":"","meta":{"footnotes":""},"class_list":["post-109","page","type-page","status-publish","has-post-thumbnail","hentry"],"_links":{"self":[{"href":"https:\/\/aept.blogs.ruhr-uni-bochum.de\/de\/wp-json\/wp\/v2\/pages\/109","targetHints":{"allow":["GET"]}}],"collection":[{"href":"https:\/\/aept.blogs.ruhr-uni-bochum.de\/de\/wp-json\/wp\/v2\/pages"}],"about":[{"href":"https:\/\/aept.blogs.ruhr-uni-bochum.de\/de\/wp-json\/wp\/v2\/types\/page"}],"author":[{"embeddable":true,"href":"https:\/\/aept.blogs.ruhr-uni-bochum.de\/de\/wp-json\/wp\/v2\/users\/3"}],"replies":[{"embeddable":true,"href":"https:\/\/aept.blogs.ruhr-uni-bochum.de\/de\/wp-json\/wp\/v2\/comments?post=109"}],"version-history":[{"count":6,"href":"https:\/\/aept.blogs.ruhr-uni-bochum.de\/de\/wp-json\/wp\/v2\/pages\/109\/revisions"}],"predecessor-version":[{"id":200,"href":"https:\/\/aept.blogs.ruhr-uni-bochum.de\/de\/wp-json\/wp\/v2\/pages\/109\/revisions\/200"}],"wp:featuredmedia":[{"embeddable":true,"href":"https:\/\/aept.blogs.ruhr-uni-bochum.de\/de\/wp-json\/wp\/v2\/media\/177"}],"wp:attachment":[{"href":"https:\/\/aept.blogs.ruhr-uni-bochum.de\/de\/wp-json\/wp\/v2\/media?parent=109"}],"curies":[{"name":"wp","href":"https:\/\/api.w.org\/{rel}","templated":true}]}}